{"id":1902,"date":"2019-12-01T10:36:01","date_gmt":"2019-12-01T07:36:01","guid":{"rendered":"https:\/\/www.nhd-play.eu\/game\/?page_id=1902"},"modified":"2020-03-05T17:20:51","modified_gmt":"2020-03-05T14:20:51","slug":"day-one-esp","status":"publish","type":"page","link":"https:\/\/www.nhd-play.eu\/game\/es\/day-one-esp\/","title":{"rendered":"Es una bonita ma\u00f1ana fuera y parece que va a ser un d\u00eda fant\u00e1stico."},"content":{"rendered":"\n<figure class=\"wp-block-video\"><video autoplay controls src=\"https:\/\/www.nhd-play.eu\/game\/wp-content\/uploads\/2020\/01\/Earthquake_ESP-last.mp4\"><\/video><\/figure>\n\n\n\n<div class=\"wp-block-image\"><figure class=\"alignright is-resized\"><a href=\"https:\/\/www.nhd-play.eu\/game\/es\/do-you-know-what-to-do-in-case-of-earthquake-2\/\"><img decoding=\"async\" loading=\"lazy\" src=\"https:\/\/www.nhd-play.eu\/game\/wp-content\/uploads\/2019\/12\/iconfinder_002_-_fast_forward_2949708.png\" alt=\"\" class=\"wp-image-1957\" width=\"77\" height=\"77\" srcset=\"https:\/\/www.nhd-play.eu\/game\/wp-content\/uploads\/2019\/12\/iconfinder_002_-_fast_forward_2949708.png 128w, https:\/\/www.nhd-play.eu\/game\/wp-content\/uploads\/2019\/12\/iconfinder_002_-_fast_forward_2949708-50x50.png 50w, https:\/\/www.nhd-play.eu\/game\/wp-content\/uploads\/2019\/12\/iconfinder_002_-_fast_forward_2949708-100x100.png 100w\" sizes=\"(max-width: 77px) 100vw, 77px\" \/><\/a><\/figure><\/div>\n\n\n\n<p style=\"font-size:28px\" class=\"has-text-color has-drop-cap has-orange-color\"><a href=\"https:\/\/www.nhd-play.eu\/game\/es\/do-you-know-what-to-do-in-case-of-earthquake-2\/\">\u00bfSabes qu\u00e9 hacer en caso de terremoto?<\/a><\/p>\n","protected":false},"excerpt":{"rendered":"<p>\u00bfSabes qu\u00e9 hacer en caso de terremoto?<\/p>\n","protected":false},"author":1,"featured_media":4266,"parent":0,"menu_order":0,"comment_status":"closed","ping_status":"closed","template":"","meta":{"inline_featured_image":false,"footnotes":""},"_links":{"self":[{"href":"https:\/\/www.nhd-play.eu\/game\/wp-json\/wp\/v2\/pages\/1902"}],"collection":[{"href":"https:\/\/www.nhd-play.eu\/game\/wp-json\/wp\/v2\/pages"}],"about":[{"href":"https:\/\/www.nhd-play.eu\/game\/wp-json\/wp\/v2\/types\/page"}],"author":[{"embeddable":true,"href":"https:\/\/www.nhd-play.eu\/game\/wp-json\/wp\/v2\/users\/1"}],"replies":[{"embeddable":true,"href":"https:\/\/www.nhd-play.eu\/game\/wp-json\/wp\/v2\/comments?post=1902"}],"version-history":[{"count":19,"href":"https:\/\/www.nhd-play.eu\/game\/wp-json\/wp\/v2\/pages\/1902\/revisions"}],"predecessor-version":[{"id":4267,"href":"https:\/\/www.nhd-play.eu\/game\/wp-json\/wp\/v2\/pages\/1902\/revisions\/4267"}],"wp:featuredmedia":[{"embeddable":true,"href":"https:\/\/www.nhd-play.eu\/game\/wp-json\/wp\/v2\/media\/4266"}],"wp:attachment":[{"href":"https:\/\/www.nhd-play.eu\/game\/wp-json\/wp\/v2\/media?parent=1902"}],"curies":[{"name":"wp","href":"https:\/\/api.w.org\/{rel}","templated":true}]}}