{"id":1906,"date":"2019-12-01T10:36:40","date_gmt":"2019-12-01T07:36:40","guid":{"rendered":"https:\/\/www.nhd-play.eu\/game\/?page_id=1906"},"modified":"2020-01-09T13:36:12","modified_gmt":"2020-01-09T10:36:12","slug":"third-day-esp","status":"publish","type":"page","link":"https:\/\/www.nhd-play.eu\/game\/es\/third-day-esp\/","title":{"rendered":"Despu\u00e9s de estos dos d\u00edas bien revueltos, por fin tenemos buenas noticias&#8230;"},"content":{"rendered":"\n<figure class=\"wp-block-video\"><video autoplay controls src=\"https:\/\/www.nhd-play.eu\/game\/wp-content\/uploads\/2020\/01\/Last-Car-accidents-Spain.mp4\"><\/video><\/figure>\n\n\n\n<p style=\"font-size:28px\" class=\"has-text-color has-drop-cap has-orange-color\"><a href=\"https:\/\/www.nhd-play.eu\/game\/es\/do-you-know-how-to-travel-safety-with-car-bus-bicycle\/\">\u00bfSabes c\u00f3mo viajar con seguridad en autom\u00f3vil, autob\u00fas, bicicleta &#8230;?<\/a><\/p>\n\n\n\n<div class=\"wp-block-image\"><figure class=\"aligncenter is-resized\"><a href=\"https:\/\/www.nhd-play.eu\/game\/es\/do-you-know-how-to-travel-safety-with-car-bus-bicycle\/\"><img decoding=\"async\" loading=\"lazy\" src=\"https:\/\/www.nhd-play.eu\/game\/wp-content\/uploads\/2019\/12\/iconfinder_002_-_fast_forward_2949708.png\" alt=\"\" class=\"wp-image-1957\" width=\"77\" height=\"77\" srcset=\"https:\/\/www.nhd-play.eu\/game\/wp-content\/uploads\/2019\/12\/iconfinder_002_-_fast_forward_2949708.png 128w, https:\/\/www.nhd-play.eu\/game\/wp-content\/uploads\/2019\/12\/iconfinder_002_-_fast_forward_2949708-50x50.png 50w, https:\/\/www.nhd-play.eu\/game\/wp-content\/uploads\/2019\/12\/iconfinder_002_-_fast_forward_2949708-100x100.png 100w\" sizes=\"(max-width: 77px) 100vw, 77px\" \/><\/a><\/figure><\/div>\n","protected":false},"excerpt":{"rendered":"<p>\u00bfSabes c\u00f3mo viajar con seguridad en autom\u00f3vil, autob\u00fas, bicicleta &#8230;?<\/p>\n","protected":false},"author":1,"featured_media":1944,"parent":0,"menu_order":0,"comment_status":"closed","ping_status":"closed","template":"","meta":{"inline_featured_image":false,"footnotes":""},"_links":{"self":[{"href":"https:\/\/www.nhd-play.eu\/game\/wp-json\/wp\/v2\/pages\/1906"}],"collection":[{"href":"https:\/\/www.nhd-play.eu\/game\/wp-json\/wp\/v2\/pages"}],"about":[{"href":"https:\/\/www.nhd-play.eu\/game\/wp-json\/wp\/v2\/types\/page"}],"author":[{"embeddable":true,"href":"https:\/\/www.nhd-play.eu\/game\/wp-json\/wp\/v2\/users\/1"}],"replies":[{"embeddable":true,"href":"https:\/\/www.nhd-play.eu\/game\/wp-json\/wp\/v2\/comments?post=1906"}],"version-history":[{"count":18,"href":"https:\/\/www.nhd-play.eu\/game\/wp-json\/wp\/v2\/pages\/1906\/revisions"}],"predecessor-version":[{"id":3397,"href":"https:\/\/www.nhd-play.eu\/game\/wp-json\/wp\/v2\/pages\/1906\/revisions\/3397"}],"wp:featuredmedia":[{"embeddable":true,"href":"https:\/\/www.nhd-play.eu\/game\/wp-json\/wp\/v2\/media\/1944"}],"wp:attachment":[{"href":"https:\/\/www.nhd-play.eu\/game\/wp-json\/wp\/v2\/media?parent=1906"}],"curies":[{"name":"wp","href":"https:\/\/api.w.org\/{rel}","templated":true}]}}