{"id":2034,"date":"2019-12-02T14:36:45","date_gmt":"2019-12-02T11:36:45","guid":{"rendered":"https:\/\/www.nhd-play.eu\/game\/?page_id=2034"},"modified":"2020-01-19T01:52:43","modified_gmt":"2020-01-18T22:52:43","slug":"do-you-know-how-to-travel-safety-with-car-bus-bicycle","status":"publish","type":"page","link":"https:\/\/www.nhd-play.eu\/game\/es\/do-you-know-how-to-travel-safety-with-car-bus-bicycle\/","title":{"rendered":"\u00bfSabes c\u00f3mo viajar con seguridad en autom\u00f3vil, autob\u00fas, bicicleta &#8230;?"},"content":{"rendered":"\n<div class=\"wp-block-group has-orange-background-color has-background\"><div class=\"wp-block-group__inner-container is-layout-flow wp-block-group-is-layout-flow\">\n<p><code><div class=\"h5p-iframe-wrapper\"><iframe id=\"h5p-iframe-125\" class=\"h5p-iframe\" data-content-id=\"125\" style=\"height:1px\" src=\"about:blank\" frameBorder=\"0\" scrolling=\"no\" title=\"Spain: Safety on the road: Cruzando la calle\"><\/iframe><\/div><\/code><br><\/p>\n<\/div><\/div>\n\n\n\n<div style=\"height:100px\" aria-hidden=\"true\" class=\"wp-block-spacer\"><\/div>\n\n\n\n<div class=\"wp-block-group has-orange-background-color has-background\"><div class=\"wp-block-group__inner-container is-layout-flow wp-block-group-is-layout-flow\">\n<p><code><div class=\"h5p-iframe-wrapper\"><iframe id=\"h5p-iframe-124\" class=\"h5p-iframe\" data-content-id=\"124\" style=\"height:1px\" src=\"about:blank\" frameBorder=\"0\" scrolling=\"no\" title=\"Spain: Safety on the road: Puedes detectar el problema de seguridad vial? Pon las etiquetas en el sitio correcto.\"><\/iframe><\/div><\/code><br><\/p>\n<\/div><\/div>\n\n\n\n<div style=\"height:100px\" aria-hidden=\"true\" class=\"wp-block-spacer\"><\/div>\n\n\n<div class=\"wp-block-group has-orange-background-color has-background\"><div class=\"wp-block-group__inner-container\">\n<p><code><div class=\"h5p-iframe-wrapper\"><iframe id=\"h5p-iframe-126\" class=\"h5p-iframe\" data-content-id=\"126\" style=\"height:1px\" src=\"about:blank\" frameBorder=\"0\" scrolling=\"no\" title=\"Spain: Safety on the road:Montando una bici\"><\/iframe><\/div><\/code><br><\/p>\n<\/div><\/div>\n\n\n<div style=\"height:100px\" aria-hidden=\"true\" class=\"wp-block-spacer\"><\/div>\n\n\n\n<div class=\"wp-block-group has-orange-background-color has-background\"><div class=\"wp-block-group__inner-container is-layout-flow wp-block-group-is-layout-flow\">\n<p><code><div class=\"h5p-iframe-wrapper\"><iframe id=\"h5p-iframe-123\" class=\"h5p-iframe\" data-content-id=\"123\" style=\"height:1px\" src=\"about:blank\" frameBorder=\"0\" scrolling=\"no\" title=\"Spain: Safety on the road:  Jugar a ser un h\u00e9roe\"><\/iframe><\/div><\/code><br><\/p>\n<\/div><\/div>\n\n\n\n<div style=\"height:100px\" aria-hidden=\"true\" class=\"wp-block-spacer\"><\/div>\n\n\n\n<div class=\"wp-block-group\"><div class=\"wp-block-group__inner-container is-layout-flow wp-block-group-is-layout-flow\">\n<div class=\"wp-block-group has-orange-background-color has-background\"><div class=\"wp-block-group__inner-container is-layout-flow wp-block-group-is-layout-flow\">\n<p><code><div class=\"h5p-iframe-wrapper\"><iframe id=\"h5p-iframe-127\" class=\"h5p-iframe\" data-content-id=\"127\" style=\"height:1px\" src=\"about:blank\" frameBorder=\"0\" scrolling=\"no\" title=\"Spain: Safety on the road: Cu\u00e1l es la se\u00f1al de tr\u00e1fico que se debe poner en este sitio?\"><\/iframe><\/div><\/code><br><\/p>\n<\/div><\/div>\n<\/div><\/div>\n\n\n\n<div style=\"height:100px\" aria-hidden=\"true\" class=\"wp-block-spacer\"><\/div>\n\n\n\n<p style=\"font-size:30px\" class=\"has-text-align-center\"><a href=\"https:\/\/www.nhd-play.eu\/game\/es\/fourth-day-esp\/\">Adelante!<\/a><\/p>\n\n\n\n<div class=\"wp-block-image\"><figure class=\"aligncenter is-resized\"><a href=\"https:\/\/www.nhd-play.eu\/game\/es\/fourth-day-esp\/\"><img decoding=\"async\" loading=\"lazy\" src=\"https:\/\/www.nhd-play.eu\/game\/wp-content\/uploads\/2019\/12\/iconfinder_002_-_fast_forward_2949708.png\" alt=\"\" class=\"wp-image-1957\" width=\"77\" height=\"77\" srcset=\"https:\/\/www.nhd-play.eu\/game\/wp-content\/uploads\/2019\/12\/iconfinder_002_-_fast_forward_2949708.png 128w, https:\/\/www.nhd-play.eu\/game\/wp-content\/uploads\/2019\/12\/iconfinder_002_-_fast_forward_2949708-50x50.png 50w, https:\/\/www.nhd-play.eu\/game\/wp-content\/uploads\/2019\/12\/iconfinder_002_-_fast_forward_2949708-100x100.png 100w\" sizes=\"(max-width: 77px) 100vw, 77px\" \/><\/a><\/figure><\/div>\n","protected":false},"excerpt":{"rendered":"<p>Adelante!<\/p>\n","protected":false},"author":1,"featured_media":2113,"parent":0,"menu_order":0,"comment_status":"closed","ping_status":"closed","template":"","meta":{"inline_featured_image":false,"footnotes":""},"_links":{"self":[{"href":"https:\/\/www.nhd-play.eu\/game\/wp-json\/wp\/v2\/pages\/2034"}],"collection":[{"href":"https:\/\/www.nhd-play.eu\/game\/wp-json\/wp\/v2\/pages"}],"about":[{"href":"https:\/\/www.nhd-play.eu\/game\/wp-json\/wp\/v2\/types\/page"}],"author":[{"embeddable":true,"href":"https:\/\/www.nhd-play.eu\/game\/wp-json\/wp\/v2\/users\/1"}],"replies":[{"embeddable":true,"href":"https:\/\/www.nhd-play.eu\/game\/wp-json\/wp\/v2\/comments?post=2034"}],"version-history":[{"count":11,"href":"https:\/\/www.nhd-play.eu\/game\/wp-json\/wp\/v2\/pages\/2034\/revisions"}],"predecessor-version":[{"id":4074,"href":"https:\/\/www.nhd-play.eu\/game\/wp-json\/wp\/v2\/pages\/2034\/revisions\/4074"}],"wp:featuredmedia":[{"embeddable":true,"href":"https:\/\/www.nhd-play.eu\/game\/wp-json\/wp\/v2\/media\/2113"}],"wp:attachment":[{"href":"https:\/\/www.nhd-play.eu\/game\/wp-json\/wp\/v2\/media?parent=2034"}],"curies":[{"name":"wp","href":"https:\/\/api.w.org\/{rel}","templated":true}]}}